{"id":8838,"date":"2025-10-23T10:29:15","date_gmt":"2025-10-23T08:29:15","guid":{"rendered":"https:\/\/teamsolutions.preprod.d-impulse.com\/performance-tools\/"},"modified":"2026-01-28T14:35:34","modified_gmt":"2026-01-28T13:35:34","slug":"performance-tools","status":"publish","type":"page","link":"https:\/\/teamsolutions.preprod.d-impulse.com\/en\/performance-tools\/","title":{"rendered":"Performance Tools"},"content":{"rendered":"\t\t<div data-elementor-type=\"wp-page\" data-elementor-id=\"8838\" class=\"elementor elementor-8838 elementor-5942\" data-elementor-post-type=\"page\">\n\t\t\t\t<div class=\"elementor-element elementor-element-753204e e-flex e-con-boxed e-con e-parent\" data-id=\"753204e\" data-element_type=\"container\" data-settings=\"{&quot;background_background&quot;:&quot;classic&quot;}\">\n\t\t\t\t\t<div class=\"e-con-inner\">\n\t\t\r\n\t\t<div class=\"elementor-element elementor-element-1fbf9ba elementor-widget elementor-widget-gratechsectiontitle\" data-id=\"1fbf9ba\" data-element_type=\"widget\" data-widget_type=\"gratechsectiontitle.default\">\n\t\t\t\t<div class=\"elementor-widget-container\">\n\t\t\t\t\t\t\t\t<div class=\"title-area text-center \">\r\n\t\t\t\t<span class=\"sub-title \"><img decoding=\"async\" src=\"https:\/\/wordpress.onertheme.com\/gratech\/wp-content\/uploads\/2024\/06\/section-title.png\" alt=\"section title\"  \/>pour chaque pilier de votre organisation<\/span><h2 class=\"sec-title \">4 outils puissants, \u00e9volutifs et param\u00e9trables<br>\n<br>Structurer, automatiser et piloter \u00e0 votre rythme.<\/h2>\t\t\t<\/div>\r\n\t\t\t\t\t\t<\/div>\n\t\t\t\t<\/div>\n\t\t\t\t<div class=\"elementor-element elementor-element-6da1c00 elementor-widget elementor-widget-text-editor\" data-id=\"6da1c00\" data-element_type=\"widget\" data-widget_type=\"text-editor.default\">\n\t\t\t\t\t\t\t\t\t<p><em>Optimus<\/em> has been designed as a modular and flexible ERP solution, capable of adapting to the evolving needs of businesses. Unlike rigid solutions that impose superfluous functionalities, <em>Optimus<\/em> allows you to choose only the modules that meet your actual functional needs: CRM, planning, finance, logistics, or even a client portal.<\/p><p> <\/p><p>This approach ensures a gradual and controlled deployment. You can start with a few essential building blocks, then gradually expand the solution at the pace of your growth and performance challenges. No module is imposed: you remain free to build your tailor-made ERP, aligned with your business, your field teams, and your strategic objectives.<\/p><p> <\/p><p>With <em>Optimus<\/em>, customization and scalability are not options, but a founding principle. This guarantees a solution that is always adapted and sustainable, capable of supporting the company through all stages of its development.<\/p>\t\t\t\t\t\t\t\t<\/div>\n\t\t\t\t<div class=\"elementor-element elementor-element-f309390 elementor-widget elementor-widget-gratechservice\" data-id=\"f309390\" data-element_type=\"widget\" data-widget_type=\"gratechservice.default\">\n\t\t\t\t<div class=\"elementor-widget-container\">\n\t\t\t\t\t<div class=\"row g-4\"><div class=\"col-lg-6\"><div class=\"service-box\"><div class=\"box-img\"><img decoding=\"async\" src=\"https:\/\/teamsolutions.preprod.d-impulse.com\/wp-content\/uploads\/2025\/11\/mockupOptimus_differentsecransPlan-de-travail-1@72xPlan-de-travail-1@72x-1-scaled.png\" alt=\"mockupOptimus_differentsecransPlan de travail 1@72xPlan de travail 1@72x 1 scaled\"  \/><\/div><div class=\"box-content\"><h4 class=\"box-title\"><a href=\"https:\/\/teamsolutions.preprod.d-impulse.com\/preoccupations\/outils-et-fonctionnalites\/organisez-votre-activite-avec-un-back-office-puissant-et-modulaire\/\" class=\"primary-hover\">Back-office<\/a><\/h4><p class=\"text\">Optimisez la gestion de vos ressources, stocks, plannings et finances depuis un environnement unique. Le back-office d\u2019Optimus connecte vos \u00e9quipes, automatise les t\u00e2ches r\u00e9currentes et am\u00e9liore la performance de vos services internes.<\/p><a href=\"https:\/\/teamsolutions.preprod.d-impulse.com\/preoccupations\/outils-et-fonctionnalites\/organisez-votre-activite-avec-un-back-office-puissant-et-modulaire\/\" class=\"read-more-btn\">En savoir plus <i class=\"fa-regular fa-arrow-right-long\"><\/i><\/a><\/div><\/div><\/div><div class=\"col-lg-6\"><div class=\"service-box\"><div class=\"box-img\"><img decoding=\"async\" src=\"https:\/\/teamsolutions.preprod.d-impulse.com\/wp-content\/uploads\/2025\/11\/laptopmockup.png\" alt=\"laptopmockup\"  \/><\/div><div class=\"box-content\"><h4 class=\"box-title\"><a href=\"https:\/\/teamsolutions.preprod.d-impulse.com\/preoccupations\/outils-et-fonctionnalites\/portail-client-connecte-ameliorez-la-communication-et-le-suivi-de-vos-clients\/\" class=\"primary-hover\">Portail client    <\/a><\/h4><p class=\"text\">Offrez \u00e0 vos clients un acc\u00e8s direct \u00e0 leurs documents, demandes et suivis d\u2019intervention. Le portail client d\u2019Optimus favorise la transparence, fluidifie la communication et renforce la satisfaction client sur l\u2019ensemble du parcours.<\/p><a href=\"https:\/\/teamsolutions.preprod.d-impulse.com\/preoccupations\/outils-et-fonctionnalites\/portail-client-connecte-ameliorez-la-communication-et-le-suivi-de-vos-clients\/\" class=\"read-more-btn\">En savoir plus <i class=\"fa-regular fa-arrow-right-long\"><\/i><\/a><\/div><\/div><\/div><div class=\"col-lg-6\"><div class=\"service-box\"><div class=\"box-img\"><img decoding=\"async\" src=\"https:\/\/teamsolutions.preprod.d-impulse.com\/wp-content\/uploads\/2025\/11\/9044-02-high-quality-mobile-phone-mockup-scaled.jpg\" alt=\"9044 02 high quality mobile phone mockup scaled\"  \/><\/div><div class=\"box-content\"><h4 class=\"box-title\"><a href=\"https:\/\/teamsolutions.preprod.d-impulse.com\/preoccupations\/outils-et-fonctionnalites\/optimisez-vos-equipes-et-vos-interventions-terrain\/\" class=\"primary-hover\">Applications mobiles<\/a><\/h4><p class=\"text\">Vos \u00e9quipes acc\u00e8dent \u00e0 toutes les fonctionnalit\u00e9s d\u2019Optimus sur mobile : planification, reporting, interventions. Les applications Go Field, Go Time et Go Logistic boostent la r\u00e9activit\u00e9 de vos collaborateurs, m\u00eame en mobilit\u00e9.<\/p><a href=\"https:\/\/teamsolutions.preprod.d-impulse.com\/preoccupations\/outils-et-fonctionnalites\/optimisez-vos-equipes-et-vos-interventions-terrain\/\" class=\"read-more-btn\">En savoir plus <i class=\"fa-regular fa-arrow-right-long\"><\/i><\/a><\/div><\/div><\/div><div class=\"col-lg-6\"><div class=\"service-box\"><div class=\"box-img\"><img decoding=\"async\" src=\"https:\/\/teamsolutions.preprod.d-impulse.com\/wp-content\/uploads\/2025\/11\/Femme-daffaires-utilisant-une-tablette-Nov-9-2024-scaled.png\" alt=\"Femme daffaires utilisant une tablette Nov 9 2024 scaled\"  \/><\/div><div class=\"box-content\"><h4 class=\"box-title\"><a href=\"https:\/\/teamsolutions.preprod.d-impulse.com\/preoccupations\/outils-et-fonctionnalites\/optimus-un-ecosysteme-complet\/\" class=\"primary-hover\">Analytique d\u00e9cisionnelle<\/a><\/h4><p class=\"text\">Analysez vos donn\u00e9es avec des tableaux personnalis\u00e9s. Gr\u00e2ce \u00e0 l\u2019analytique d\u00e9cisionnelle d\u2019Optimus, vous suivez vos indicateurs, anticipez les \u00e9carts et prenez des d\u00e9cisions plus \u00e9clair\u00e9es.<\/p><a href=\"https:\/\/teamsolutions.preprod.d-impulse.com\/preoccupations\/outils-et-fonctionnalites\/optimus-un-ecosysteme-complet\/\" class=\"read-more-btn\">En savoir plus <i class=\"fa-regular fa-arrow-right-long\"><\/i><\/a><\/div><\/div><\/div><\/div>\t\t\t\t<\/div>\n\t\t\t\t<\/div>\n\t\t\t\t\t<\/div>\n\t\t\t\t<\/div>\n\t\t\t\t<\/div>\n\t\t","protected":false},"excerpt":{"rendered":"<p>pour chaque pilier de votre organisation 4 outils puissants, \u00e9volutifs et param\u00e9trables Structurer, automatiser et piloter \u00e0 votre rythme. Optimus has been designed as a modular and flexible ERP solution, capable of adapting to the evolving needs of businesses. Unlike rigid solutions that impose superfluous functionalities, Optimus allows you to choose only the modules that&#8230;<\/p>\n","protected":false},"author":2,"featured_media":0,"parent":0,"menu_order":0,"comment_status":"closed","ping_status":"closed","template":"elementor_header_footer","meta":{"_acf_changed":false,"footnotes":""},"class_list":["post-8838","page","type-page","status-publish","hentry","page--item"],"acf":[],"_links":{"self":[{"href":"https:\/\/teamsolutions.preprod.d-impulse.com\/en\/wp-json\/wp\/v2\/pages\/8838","targetHints":{"allow":["GET"]}}],"collection":[{"href":"https:\/\/teamsolutions.preprod.d-impulse.com\/en\/wp-json\/wp\/v2\/pages"}],"about":[{"href":"https:\/\/teamsolutions.preprod.d-impulse.com\/en\/wp-json\/wp\/v2\/types\/page"}],"author":[{"embeddable":true,"href":"https:\/\/teamsolutions.preprod.d-impulse.com\/en\/wp-json\/wp\/v2\/users\/2"}],"replies":[{"embeddable":true,"href":"https:\/\/teamsolutions.preprod.d-impulse.com\/en\/wp-json\/wp\/v2\/comments?post=8838"}],"version-history":[{"count":1,"href":"https:\/\/teamsolutions.preprod.d-impulse.com\/en\/wp-json\/wp\/v2\/pages\/8838\/revisions"}],"predecessor-version":[{"id":8839,"href":"https:\/\/teamsolutions.preprod.d-impulse.com\/en\/wp-json\/wp\/v2\/pages\/8838\/revisions\/8839"}],"wp:attachment":[{"href":"https:\/\/teamsolutions.preprod.d-impulse.com\/en\/wp-json\/wp\/v2\/media?parent=8838"}],"curies":[{"name":"wp","href":"https:\/\/api.w.org\/{rel}","templated":true}]}}