{"id":8478,"date":"2024-03-31T16:14:10","date_gmt":"2024-03-31T14:14:10","guid":{"rendered":"https:\/\/teamsolutions.preprod.d-impulse.com\/?page_id=8478"},"modified":"2026-01-21T10:46:37","modified_gmt":"2026-01-21T09:46:37","slug":"vos-preoccupations","status":"publish","type":"page","link":"https:\/\/teamsolutions.preprod.d-impulse.com\/nl\/vos-preoccupations\/","title":{"rendered":"Vos pr\u00e9occupations"},"content":{"rendered":"\t\t<div data-elementor-type=\"wp-page\" data-elementor-id=\"8478\" class=\"elementor elementor-8478 elementor-1425\" data-elementor-post-type=\"page\">\n\t\t\t\t<div class=\"elementor-element elementor-element-62a03237 e-flex e-con-boxed e-con e-parent\" data-id=\"62a03237\" data-element_type=\"container\">\n\t\t\t\t\t<div class=\"e-con-inner\">\n\t\t\r\n\t\t<div class=\"elementor-element elementor-element-bb9402e elementor-widget elementor-widget-text-editor\" data-id=\"bb9402e\" data-element_type=\"widget\" data-widget_type=\"text-editor.default\">\n\t\t\t\t\t\t\t\t\t<h3>Vos pr\u00e9occupations quotidiennes m\u00e9ritent des r\u00e9ponses concr\u00e8tes test.<\/h3><p>Chaque entreprise a ses priorit\u00e9s, ses contraintes et ses d\u00e9fis.<\/p><p><em>Optimus est un ERP complet, mais surtout une solution con\u00e7ue pour vous faciliter la vie.<\/em><\/p><p>Il s\u2019adapte \u00e0 votre mani\u00e8re de travailler pour:<\/p><ul><li><strong>\u00a0simplifier vos op\u00e9rations<\/strong>,<\/li><li><strong>\u00a0fiabiliser vos donn\u00e9es<\/strong><\/li><li><strong>\u00a0renforcer la collaboration entre vos \u00e9quipes<\/strong>.<\/li><\/ul><h3>Naviguez selon vos priorit\u00e9s<\/h3><p><img decoding=\"async\" src=\"https:\/\/teamsolutions.preprod.d-impulse.com\/wp-content\/uploads\/2025\/10\/Team-Boss-scaled.jpeg\" alt=\"Team Boss scaled\" \/><img decoding=\"async\" src=\"https:\/\/wordpress.onertheme.com\/gratech\/wp-content\/uploads\/2024\/04\/service-two-icon2.png\" alt=\"service two icon2\" \/><\/p><h4><a>Par enjeux m\u00e9tier<\/a><\/h4><p>Planning, reporting, gestion des temps&#8230;<br \/>Que voulez vous am\u00e9liorer en priorit\u00e9?<\/p><p><a>D\u00e9couvrir <\/a><img decoding=\"async\" src=\"https:\/\/teamsolutions.preprod.d-impulse.com\/wp-content\/uploads\/2025\/10\/Modifier-Vos-Preoccupations-avec-ElementorPlan-de-travail-1@2x-1-scaled.webp\" alt=\"Modifier Vos Preoccupations avec ElementorPlan de travail 1@2x 1 scaled\" \/><img decoding=\"async\" src=\"https:\/\/teamsolutions.preprod.d-impulse.com\/wp-content\/uploads\/2024\/04\/service-two-icon3.png\" alt=\"service two icon3\" \/><\/p><h4><a>Par outil ou fonctionnalit\u00e9<\/a><\/h4><p>Back-office, app mobile, analytique, portail client\u2026 Des outils pr\u00e9cis pour r\u00e9pondre \u00e0 vos pr\u00e9occupations.<\/p><p><a>D\u00e9couvrir <\/a><img decoding=\"async\" src=\"https:\/\/teamsolutions.preprod.d-impulse.com\/wp-content\/uploads\/2025\/10\/Image-Site-Web-TS-77-scaled.jpeg\" alt=\"Image Site Web TS 77 scaled\" \/><img decoding=\"async\" src=\"https:\/\/teamsolutions.preprod.d-impulse.com\/wp-content\/uploads\/2024\/04\/service-two-icon6.png\" alt=\"service two icon6\" \/><\/p><h4><a>Par secteur d\u2019activit\u00e9<\/a><\/h4><p>Installateurs, maintenanciers, facility manager, d\u00e9partement internes.<br \/>Des solutions adapt\u00e9es \u00e0 votre m\u00e9tier<\/p><p><a>D\u00e9couvrir <\/a><img decoding=\"async\" src=\"https:\/\/teamsolutions.preprod.d-impulse.com\/wp-content\/uploads\/2025\/10\/Hierachie.jpeg\" alt=\"Hierachie\" \/><img decoding=\"async\" src=\"https:\/\/wordpress.onertheme.com\/gratech\/wp-content\/uploads\/2024\/04\/service-two-icon4.png\" alt=\"service two icon4\" \/><\/p><h4><a>Par r\u00f4le dans l\u2019entreprise<\/a><\/h4><p>Dirigeant, DAF, responsable op\u00e9rationnel, IT\u2026<br \/>Facilitez votre quotidien.<\/p><p><a>D\u00e9couvrir <\/a><img decoding=\"async\" src=\"https:\/\/teamsolutions.preprod.d-impulse.com\/wp-content\/uploads\/2025\/10\/Modifier-Vos-Preoccupations-avec-ElementorPlan-de-travail-1@2x-scaled.webp\" alt=\"Modifier Vos Preoccupations avec ElementorPlan de travail 1@2x scaled\" \/><img decoding=\"async\" src=\"https:\/\/wordpress.onertheme.com\/gratech\/wp-content\/uploads\/2024\/04\/service-two-icon5.png\" alt=\"service two icon5\" \/><\/p><h4><a>Par taille d\u2019entreprise<\/a><\/h4><p>TPE, PME, ETI, Grands comptes&#8230;<br \/>Nous vous accompagnons jusqu&#8217;au bout.<\/p><p><a>D\u00e9couvrir <\/a><br \/><img decoding=\"async\" src=\"https:\/\/wordpress.onertheme.com\/gratech\/wp-content\/uploads\/2024\/04\/about-two-shape.png\" alt=\"about two shape\" \/><img decoding=\"async\" src=\"https:\/\/wordpress.onertheme.com\/gratech\/wp-content\/uploads\/2024\/04\/about-two-dot.png\" alt=\"about two dot\" \/><img decoding=\"async\" src=\"https:\/\/teamsolutions.preprod.d-impulse.com\/wp-content\/uploads\/2025\/10\/screenshotaction-scaled.png\" alt=\"screenshotaction scaled\" \/><img decoding=\"async\" src=\"https:\/\/teamsolutions.preprod.d-impulse.com\/wp-content\/uploads\/2025\/10\/Reporting-2-scaled.jpeg\" alt=\"Reporting 2 scaled\" \/><\/p><h5 data-wow-delay=\"00ms\" data-wow-duration=\"1500ms\"><br \/><br \/><br \/><br \/>Avantag\u00e9s cl\u00e9s<\/h5><h2 data-wow-delay=\"200ms\" data-wow-duration=\"1500ms\">Pourquoi choisir Optimus ?<\/h2><p data-wow-delay=\"400ms\" data-wow-duration=\"1500ms\">Choisir Optimus, c\u2019est bien plus qu\u2019adopter un ERP : c\u2019est b\u00e9n\u00e9ficier de l\u2019expertise de Team Solutions, un partenaire de confiance qui vous accompagne \u00e0 chaque \u00e9tape. Notre approche repose sur l\u2019\u00e9coute, la compr\u00e9hension de vos enjeux et la mise en place d\u2019un accompagnement sur-mesure.<\/p><p>Gr\u00e2ce \u00e0 la modularit\u00e9 d\u2019Optimus, vous activez uniquement les fonctionnalit\u00e9s dont vous avez besoin : CRM, RH, Achats, Finances ou Projets. Cette flexibilit\u00e9 garantit une solution adapt\u00e9e \u00e0 votre structure, qu\u2019elle compte 3 ou 300 collaborateurs.<\/p><ul><li>Pilotage centralis\u00e9 des donn\u00e9es<\/li><li>Modules activables \u00e0 la carte<\/li><\/ul><ul><li>Acc\u00e8s web + mobile<\/li><li>Made in Europe \/ S\u00e9curis\u00e9<\/li><\/ul><p><a> R\u00e9server une d\u00e9mo <\/a><img alt=\"\" \/><\/p><h2>Une technologie solide pour des performances durables<\/h2><p>Fiable et robuste, Optimus s\u2019appuie sur la technologie Claris FileMaker, issue de l\u2019\u00e9cosyst\u00e8me Apple.<\/p><p>Utilis\u00e9e par de nombreux grands comptes, elle assure une stabilit\u00e9 exemplaire et une \u00e9volutivit\u00e9 continue.<\/p><p>Et parce que la confiance se construit dans la dur\u00e9e, Optimus s\u2019accompagne d\u2019un dispositif d\u2019escrow garantissant la continuit\u00e9 de votre solution. Une s\u00e9curit\u00e9 suppl\u00e9mentaire, pens\u00e9e non pas pour rassurer face \u00e0 un risque, mais pour prot\u00e9ger votre investissement \u00e0 long terme.<\/p><h5 data-wow-delay=\"00ms\" data-wow-duration=\"1500ms\"><img decoding=\"async\" src=\"https:\/\/wordpress.onertheme.com\/gratech\/wp-content\/uploads\/2024\/04\/section-title.png\" alt=\"icon\" \/><br \/>T\u00e9moignages<\/h5><h2 data-wow-delay=\"200ms\" data-wow-duration=\"1500ms\">Ils ont choisi Optimus<\/h2><p><button><\/button><br \/><button><\/button><br \/><br \/><img decoding=\"async\" src=\"https:\/\/wordpress.onertheme.com\/gratech\/wp-content\/uploads\/2024\/04\/testimonial-three-image2.png\" alt=\"testimonial three image2\" \/><\/p><h4>Suborna Tarchera<\/h4><p>Web Developer<\/p><p>\u201c Consectetur elit nteger maecenas porta is nunc nul viverra Aenean pulvinar maximus leo nunc viverra laoreet est the is porta adipiscing pretium \u201d<\/p><p><br \/><img decoding=\"async\" src=\"https:\/\/wordpress.onertheme.com\/gratech\/wp-content\/uploads\/2024\/04\/testimonial-three-image3.png\" alt=\"testimonial three image3\" \/><\/p><h4>Alexandre Rony<\/h4><p>Engineering<\/p><p>\u201c Consectetur elit nteger maecenas porta is nunc nul viverra Aenean pulvinar maximus leo nunc viverra laoreet est the is porta adipiscing pretium \u201d<\/p><p><br \/><img decoding=\"async\" src=\"https:\/\/wordpress.onertheme.com\/gratech\/wp-content\/uploads\/2024\/04\/testimonial-three-image1.png\" alt=\"testimonial three image1\" \/><\/p><h4>Kawser Ahmed<\/h4><p>Web Designer<\/p><p>\u201c Consectetur elit nteger maecenas porta is nunc nul viverra Aenean pulvinar maximus leo nunc viverra laoreet est the is porta adipiscing pretium \u201d<\/p>\t\t\t\t\t\t\t\t<\/div>\n\t\t\t\t\t<\/div>\n\t\t\t\t<\/div>\n\t\t\t\t<\/div>\n\t\t","protected":false},"excerpt":{"rendered":"<p>Vos pr\u00e9occupations quotidiennes m\u00e9ritent des r\u00e9ponses concr\u00e8tes test. Chaque entreprise a ses priorit\u00e9s, ses contraintes et ses d\u00e9fis. Optimus est un ERP complet, mais surtout une solution con\u00e7ue pour vous faciliter la vie. Il s\u2019adapte \u00e0 votre mani\u00e8re de travailler pour: \u00a0simplifier vos op\u00e9rations, \u00a0fiabiliser vos donn\u00e9es \u00a0renforcer la collaboration entre vos \u00e9quipes. Naviguez selon&#8230;<\/p>\n","protected":false},"author":2,"featured_media":0,"parent":0,"menu_order":0,"comment_status":"closed","ping_status":"closed","template":"elementor_header_footer","meta":{"_acf_changed":false,"footnotes":""},"class_list":["post-8478","page","type-page","status-publish","hentry","page--item"],"acf":[],"_links":{"self":[{"href":"https:\/\/teamsolutions.preprod.d-impulse.com\/nl\/wp-json\/wp\/v2\/pages\/8478","targetHints":{"allow":["GET"]}}],"collection":[{"href":"https:\/\/teamsolutions.preprod.d-impulse.com\/nl\/wp-json\/wp\/v2\/pages"}],"about":[{"href":"https:\/\/teamsolutions.preprod.d-impulse.com\/nl\/wp-json\/wp\/v2\/types\/page"}],"author":[{"embeddable":true,"href":"https:\/\/teamsolutions.preprod.d-impulse.com\/nl\/wp-json\/wp\/v2\/users\/2"}],"replies":[{"embeddable":true,"href":"https:\/\/teamsolutions.preprod.d-impulse.com\/nl\/wp-json\/wp\/v2\/comments?post=8478"}],"version-history":[{"count":3,"href":"https:\/\/teamsolutions.preprod.d-impulse.com\/nl\/wp-json\/wp\/v2\/pages\/8478\/revisions"}],"predecessor-version":[{"id":8492,"href":"https:\/\/teamsolutions.preprod.d-impulse.com\/nl\/wp-json\/wp\/v2\/pages\/8478\/revisions\/8492"}],"wp:attachment":[{"href":"https:\/\/teamsolutions.preprod.d-impulse.com\/nl\/wp-json\/wp\/v2\/media?parent=8478"}],"curies":[{"name":"wp","href":"https:\/\/api.w.org\/{rel}","templated":true}]}}