{"id":8840,"date":"2025-10-23T10:29:15","date_gmt":"2025-10-23T08:29:15","guid":{"rendered":"https:\/\/teamsolutions.preprod.d-impulse.com\/vos-preoccupations\/performancehulpmiddelen\/"},"modified":"2026-03-09T14:50:11","modified_gmt":"2026-03-09T13:50:11","slug":"performancehulpmiddelen","status":"publish","type":"page","link":"https:\/\/teamsolutions.preprod.d-impulse.com\/nl\/vos-preoccupations\/performancehulpmiddelen\/","title":{"rendered":"Performancehulpmiddelen"},"content":{"rendered":"\t\t<div data-elementor-type=\"wp-page\" data-elementor-id=\"8840\" class=\"elementor elementor-8840 elementor-5942\" data-elementor-post-type=\"page\">\n\t\t\t\t<div class=\"elementor-element elementor-element-753204e e-flex e-con-boxed e-con e-parent\" data-id=\"753204e\" data-element_type=\"container\" data-settings=\"{&quot;background_background&quot;:&quot;classic&quot;}\">\n\t\t\t\t\t<div class=\"e-con-inner\">\n\t\t\r\n\t\t<div class=\"elementor-element elementor-element-1fbf9ba elementor-widget elementor-widget-gratechsectiontitle\" data-id=\"1fbf9ba\" data-element_type=\"widget\" data-widget_type=\"gratechsectiontitle.default\">\n\t\t\t\t<div class=\"elementor-widget-container\">\n\t\t\t\t\t\t\t\t<div class=\"title-area text-center \">\r\n\t\t\t\t<span class=\"sub-title \"><img decoding=\"async\" src=\"https:\/\/wordpress.onertheme.com\/gratech\/wp-content\/uploads\/2024\/06\/section-title.png\" alt=\"section title\"  \/>pour chaque pilier de votre organisation<\/span><h2 class=\"sec-title \">4 outils puissants, \u00e9volutifs et param\u00e9trables<br>\n<br>Structurer, automatiser et piloter \u00e0 votre rythme.<\/h2>\t\t\t<\/div>\r\n\t\t\t\t\t\t<\/div>\n\t\t\t\t<\/div>\n\t\t\t\t<div class=\"elementor-element elementor-element-6da1c00 elementor-widget elementor-widget-text-editor\" data-id=\"6da1c00\" data-element_type=\"widget\" data-widget_type=\"text-editor.default\">\n\t\t\t\t\t\t\t\t\t<p><em>Optimus<\/em> is ontworpen als een modulaire en flexibele ERP-oplossing die zich kan aanpassen aan de veranderende behoeften van bedrijven. In tegenstelling tot rigide oplossingen die overbodige functionaliteiten opleggen, kunt u met <em>Optimus<\/em> alleen de modules kiezen die voldoen aan uw werkelijke functionele behoeften: CRM, planning, financi\u00ebn, logistiek of zelfs een klantenportaal.<\/p><p> <\/p><p>Deze aanpak garandeert een geleidelijke en beheerste implementatie. U kunt beginnen met een paar essenti\u00eble bouwstenen en vervolgens de oplossing geleidelijk uitbreiden in het tempo van uw groei en prestatie-uitdagingen. Er worden geen modules opgelegd: u bent vrij om uw ERP op maat samen te stellen, afgestemd op uw bedrijf, uw teams in het veld en uw strategische doelstellingen.<\/p><p> <\/p><p>Met <em>Optimus<\/em> zijn personalisatie en schaalbaarheid geen opties, maar een fundamenteel principe. Het is de garantie van een oplossing die altijd geschikt en duurzaam is, en die het bedrijf kan volgen in alle stadia van zijn ontwikkeling.<\/p>\t\t\t\t\t\t\t\t<\/div>\n\t\t\t\t<div class=\"elementor-element elementor-element-f309390 elementor-widget elementor-widget-gratechservice\" data-id=\"f309390\" data-element_type=\"widget\" data-widget_type=\"gratechservice.default\">\n\t\t\t\t<div class=\"elementor-widget-container\">\n\t\t\t\t\t<div class=\"row g-4\"><div class=\"col-lg-6\"><div class=\"service-box\"><div class=\"box-img\"><img decoding=\"async\" src=\"https:\/\/teamsolutions.preprod.d-impulse.com\/wp-content\/uploads\/2025\/11\/mockupOptimus_differentsecransPlan-de-travail-1@72xPlan-de-travail-1@72x-1-scaled.png\" alt=\"mockupOptimus_differentsecransPlan de travail 1@72xPlan de travail 1@72x 1 scaled\"  \/><\/div><div class=\"box-content\"><h4 class=\"box-title\"><a href=\"https:\/\/teamsolutions.preprod.d-impulse.com\/preoccupations\/outils-et-fonctionnalites\/organisez-votre-activite-avec-un-back-office-puissant-et-modulaire\/\" class=\"primary-hover\">Back-office<\/a><\/h4><p class=\"text\">Optimisez la gestion de vos ressources, stocks, plannings et finances depuis un environnement unique. Le back-office d\u2019Optimus connecte vos \u00e9quipes, automatise les t\u00e2ches r\u00e9currentes et am\u00e9liore la performance de vos services internes.<\/p><a href=\"https:\/\/teamsolutions.preprod.d-impulse.com\/preoccupations\/outils-et-fonctionnalites\/organisez-votre-activite-avec-un-back-office-puissant-et-modulaire\/\" class=\"read-more-btn\">En savoir plus <i class=\"fa-regular fa-arrow-right-long\"><\/i><\/a><\/div><\/div><\/div><div class=\"col-lg-6\"><div class=\"service-box\"><div class=\"box-img\"><img decoding=\"async\" src=\"https:\/\/teamsolutions.preprod.d-impulse.com\/wp-content\/uploads\/2025\/11\/laptopmockup.png\" alt=\"laptopmockup\"  \/><\/div><div class=\"box-content\"><h4 class=\"box-title\"><a href=\"https:\/\/teamsolutions.preprod.d-impulse.com\/preoccupations\/outils-et-fonctionnalites\/portail-client-connecte-ameliorez-la-communication-et-le-suivi-de-vos-clients\/\" class=\"primary-hover\">Portail client    <\/a><\/h4><p class=\"text\">Offrez \u00e0 vos clients un acc\u00e8s direct \u00e0 leurs documents, demandes et suivis d\u2019intervention. Le portail client d\u2019Optimus favorise la transparence, fluidifie la communication et renforce la satisfaction client sur l\u2019ensemble du parcours.<\/p><a href=\"https:\/\/teamsolutions.preprod.d-impulse.com\/preoccupations\/outils-et-fonctionnalites\/portail-client-connecte-ameliorez-la-communication-et-le-suivi-de-vos-clients\/\" class=\"read-more-btn\">En savoir plus <i class=\"fa-regular fa-arrow-right-long\"><\/i><\/a><\/div><\/div><\/div><div class=\"col-lg-6\"><div class=\"service-box\"><div class=\"box-img\"><img decoding=\"async\" src=\"https:\/\/teamsolutions.preprod.d-impulse.com\/wp-content\/uploads\/2025\/11\/9044-02-high-quality-mobile-phone-mockup-scaled.jpg\" alt=\"9044 02 high quality mobile phone mockup scaled\"  \/><\/div><div class=\"box-content\"><h4 class=\"box-title\"><a href=\"https:\/\/teamsolutions.preprod.d-impulse.com\/preoccupations\/outils-et-fonctionnalites\/optimisez-vos-equipes-et-vos-interventions-terrain\/\" class=\"primary-hover\">Applications mobiles<\/a><\/h4><p class=\"text\">Vos \u00e9quipes acc\u00e8dent \u00e0 toutes les fonctionnalit\u00e9s d\u2019Optimus sur mobile : planification, reporting, interventions. Les applications Go Field, Go Time et Go Logistic boostent la r\u00e9activit\u00e9 de vos collaborateurs, m\u00eame en mobilit\u00e9.<\/p><a href=\"https:\/\/teamsolutions.preprod.d-impulse.com\/preoccupations\/outils-et-fonctionnalites\/optimisez-vos-equipes-et-vos-interventions-terrain\/\" class=\"read-more-btn\">En savoir plus <i class=\"fa-regular fa-arrow-right-long\"><\/i><\/a><\/div><\/div><\/div><div class=\"col-lg-6\"><div class=\"service-box\"><div class=\"box-img\"><img decoding=\"async\" src=\"https:\/\/teamsolutions.preprod.d-impulse.com\/wp-content\/uploads\/2026\/03\/TABLET-1-scaled.gif\" alt=\"TABLET 1 scaled\"  \/><\/div><div class=\"box-content\"><h4 class=\"box-title\"><a href=\"https:\/\/teamsolutions.preprod.d-impulse.com\/preoccupations\/outils-et-fonctionnalites\/optimus-un-ecosysteme-complet\/\" class=\"primary-hover\">Analytique d\u00e9cisionnelle<\/a><\/h4><p class=\"text\">Analysez vos donn\u00e9es avec des tableaux personnalis\u00e9s. Gr\u00e2ce \u00e0 l\u2019analytique d\u00e9cisionnelle d\u2019Optimus, vous suivez vos indicateurs, anticipez les \u00e9carts et prenez des d\u00e9cisions plus \u00e9clair\u00e9es.<\/p><a href=\"https:\/\/teamsolutions.preprod.d-impulse.com\/preoccupations\/outils-et-fonctionnalites\/optimus-un-ecosysteme-complet\/\" class=\"read-more-btn\">En savoir plus <i class=\"fa-regular fa-arrow-right-long\"><\/i><\/a><\/div><\/div><\/div><\/div>\t\t\t\t<\/div>\n\t\t\t\t<\/div>\n\t\t\t\t\t<\/div>\n\t\t\t\t<\/div>\n\t\t\t\t<\/div>\n\t\t","protected":false},"excerpt":{"rendered":"<p>pour chaque pilier de votre organisation 4 outils puissants, \u00e9volutifs et param\u00e9trables Structurer, automatiser et piloter \u00e0 votre rythme. Optimus is ontworpen als een modulaire en flexibele ERP-oplossing die zich kan aanpassen aan de veranderende behoeften van bedrijven. In tegenstelling tot rigide oplossingen die overbodige functionaliteiten opleggen, kunt u met Optimus alleen de modules kiezen&#8230;<\/p>\n","protected":false},"author":2,"featured_media":0,"parent":8478,"menu_order":0,"comment_status":"closed","ping_status":"closed","template":"elementor_header_footer","meta":{"_acf_changed":false,"footnotes":""},"class_list":["post-8840","page","type-page","status-publish","hentry","page--item"],"acf":[],"_links":{"self":[{"href":"https:\/\/teamsolutions.preprod.d-impulse.com\/nl\/wp-json\/wp\/v2\/pages\/8840","targetHints":{"allow":["GET"]}}],"collection":[{"href":"https:\/\/teamsolutions.preprod.d-impulse.com\/nl\/wp-json\/wp\/v2\/pages"}],"about":[{"href":"https:\/\/teamsolutions.preprod.d-impulse.com\/nl\/wp-json\/wp\/v2\/types\/page"}],"author":[{"embeddable":true,"href":"https:\/\/teamsolutions.preprod.d-impulse.com\/nl\/wp-json\/wp\/v2\/users\/2"}],"replies":[{"embeddable":true,"href":"https:\/\/teamsolutions.preprod.d-impulse.com\/nl\/wp-json\/wp\/v2\/comments?post=8840"}],"version-history":[{"count":2,"href":"https:\/\/teamsolutions.preprod.d-impulse.com\/nl\/wp-json\/wp\/v2\/pages\/8840\/revisions"}],"predecessor-version":[{"id":10158,"href":"https:\/\/teamsolutions.preprod.d-impulse.com\/nl\/wp-json\/wp\/v2\/pages\/8840\/revisions\/10158"}],"up":[{"embeddable":true,"href":"https:\/\/teamsolutions.preprod.d-impulse.com\/nl\/wp-json\/wp\/v2\/pages\/8478"}],"wp:attachment":[{"href":"https:\/\/teamsolutions.preprod.d-impulse.com\/nl\/wp-json\/wp\/v2\/media?parent=8840"}],"curies":[{"name":"wp","href":"https:\/\/api.w.org\/{rel}","templated":true}]}}